{"id":979,"date":"2023-02-09T20:51:15","date_gmt":"2023-02-09T20:51:15","guid":{"rendered":"https:\/\/denardidesign.com.br\/site\/?post_type=product&#038;p=979"},"modified":"2024-06-25T23:19:18","modified_gmt":"2024-06-25T23:19:18","slug":"mesa-rustica-de-canto","status":"publish","type":"product","link":"https:\/\/denardidesign.com.br\/site\/?product=mesa-rustica-de-canto","title":{"rendered":"Mesa R\u00fastica de Canto"},"content":{"rendered":"<blockquote><p>Uma linda mesa R\u00fastica\u00a0 \u00a0confeccionada em ferro e tampo de Granito 30&#215;30\u00a0 com pintura Automotiva na cor preta.<\/p><\/blockquote>\n<p>Uma pe\u00e7a artesanal com design\u00a0 diferenciado para compor o\u00a0 seu ambiente.<\/p>\n<p>Pagamento em dinheiro PIX ou1 vez no cart\u00e3o de cr\u00e9dito .<\/p>\n<p><strong style=\"font-size: 16px;\">Sob encomenda<\/strong><\/p>\n<p>Retirada no Ateli\u00ear em Bairro de Fatima<\/p>\n","protected":false},"excerpt":{"rendered":"<p>O Dia das M\u00e3es est\u00e1 chegando d\u00ea um presente \u00fanico e exclusivo para ela.<\/p>\n<p>Uma linda mesa R\u00fastica\u00a0 \u00a0confeccionada em ferro e tampo de Granito 30&#215;30\u00a0 com pintura Automotiva na cor preta.<\/p>\n<p>Uma pe\u00e7a artesanal com design\u00a0 diferenciado para compor o\u00a0 seu ambiente.<\/p>\n<p>Pagamento em dinheiro\u00a0 PIX ou 1 vez no cart\u00e3o de cr\u00e9dito.<\/p>\n<p><strong style=\"font-size: 16px;\">Sob encomenda.<\/strong><\/p>\n<p>Retirada no Ateli\u00ear em Bairro de Fatima<\/p>\n","protected":false},"featured_media":1387,"comment_status":"open","ping_status":"closed","template":"","meta":{"site-sidebar-layout":"default","site-content-layout":"default","ast-global-header-display":"","ast-main-header-display":"","ast-hfb-above-header-display":"","ast-hfb-below-header-display":"","ast-hfb-mobile-header-display":"","site-post-title":"","ast-breadcrumbs-content":"","ast-featured-img":"","footer-sml-layout":"","theme-transparent-header-meta":"default","adv-header-id-meta":"","stick-header-meta":"","header-above-stick-meta":"","header-main-stick-meta":"","header-below-stick-meta":""},"product_cat":[24],"product_tag":[],"class_list":{"0":"post-979","1":"product","2":"type-product","3":"status-publish","4":"has-post-thumbnail","6":"product_cat-pecas-exclusivas-artesao","7":"desktop-align-left","8":"tablet-align-left","9":"mobile-align-left","11":"first","12":"instock","13":"shipping-taxable","14":"purchasable","15":"product-type-simple"},"_links":{"self":[{"href":"https:\/\/denardidesign.com.br\/site\/index.php?rest_route=\/wp\/v2\/product\/979","targetHints":{"allow":["GET"]}}],"collection":[{"href":"https:\/\/denardidesign.com.br\/site\/index.php?rest_route=\/wp\/v2\/product"}],"about":[{"href":"https:\/\/denardidesign.com.br\/site\/index.php?rest_route=\/wp\/v2\/types\/product"}],"replies":[{"embeddable":true,"href":"https:\/\/denardidesign.com.br\/site\/index.php?rest_route=%2Fwp%2Fv2%2Fcomments&post=979"}],"wp:featuredmedia":[{"embeddable":true,"href":"https:\/\/denardidesign.com.br\/site\/index.php?rest_route=\/wp\/v2\/media\/1387"}],"wp:attachment":[{"href":"https:\/\/denardidesign.com.br\/site\/index.php?rest_route=%2Fwp%2Fv2%2Fmedia&parent=979"}],"wp:term":[{"taxonomy":"product_cat","embeddable":true,"href":"https:\/\/denardidesign.com.br\/site\/index.php?rest_route=%2Fwp%2Fv2%2Fproduct_cat&post=979"},{"taxonomy":"product_tag","embeddable":true,"href":"https:\/\/denardidesign.com.br\/site\/index.php?rest_route=%2Fwp%2Fv2%2Fproduct_tag&post=979"}],"curies":[{"name":"wp","href":"https:\/\/api.w.org\/{rel}","templated":true}]}}