{"id":910,"date":"2023-01-13T15:00:25","date_gmt":"2023-01-13T15:00:25","guid":{"rendered":"https:\/\/denardidesign.com.br\/site\/?post_type=product&#038;p=910"},"modified":"2023-10-13T18:03:38","modified_gmt":"2023-10-13T18:03:38","slug":"mesa-rustica","status":"publish","type":"product","link":"https:\/\/denardidesign.com.br\/site\/?product=mesa-rustica","title":{"rendered":"Mesa R\u00fastica"},"content":{"rendered":"<p>Mesa de canto R\u00fastica com tampo de Tora\u00a0 50 x 60 confeccionada em ferro com pintura automotiva na cor preta<\/p>\n<p><strong>Promo\u00e7\u00e3o : Pagamento em dinheiro ou 1 vez no Cart\u00e3o de Cr\u00e9dito.<\/strong><\/p>\n<p><strong>Pe\u00e7a Nova R$ 580,00 sob encomenda.<\/strong><\/p>\n<p><strong>Retirada no At\u00ealie em\u00a0 Bairro de F\u00e1tima &#8211; Serra &#8211; ES<\/strong><\/p>\n","protected":false},"excerpt":{"rendered":"<p>Mesa de canto R\u00fastica com tampo de Tora 50x 60 confeccionada em ferro com pintura automotiva na cor preta.<\/p>\n<p><strong>Ultima pe\u00e7a<\/strong><\/p>\n<p><strong>Promo\u00e7\u00e3o : Pagamento em dinheiro ou 1 vez no Cart\u00e3o de Cr\u00e9dito.<\/strong><\/p>\n<p><strong>Pe\u00e7a Nova R$ 580,00 sob encomenda.<\/strong><\/p>\n<p>Retirada no At\u00ealie em\u00a0 Bairro de F\u00e1tima &#8211; Serra &#8211; ES<\/p>\n","protected":false},"featured_media":614,"comment_status":"open","ping_status":"closed","template":"","meta":{"site-sidebar-layout":"default","site-content-layout":"default","ast-global-header-display":"","ast-main-header-display":"","ast-hfb-above-header-display":"","ast-hfb-below-header-display":"","ast-hfb-mobile-header-display":"","site-post-title":"","ast-breadcrumbs-content":"","ast-featured-img":"","footer-sml-layout":"","theme-transparent-header-meta":"default","adv-header-id-meta":"","stick-header-meta":"","header-above-stick-meta":"","header-main-stick-meta":"","header-below-stick-meta":""},"product_cat":[20,22,24],"product_tag":[],"class_list":{"0":"post-910","1":"product","2":"type-product","3":"status-publish","4":"has-post-thumbnail","6":"product_cat-mesas-exclusivas-apoio","7":"product_cat-pecas-de-decoracao-clientes","8":"product_cat-pecas-exclusivas-artesao","9":"desktop-align-left","10":"tablet-align-left","11":"mobile-align-left","13":"first","14":"instock","15":"shipping-taxable","16":"purchasable","17":"product-type-simple"},"_links":{"self":[{"href":"https:\/\/denardidesign.com.br\/site\/index.php?rest_route=\/wp\/v2\/product\/910","targetHints":{"allow":["GET"]}}],"collection":[{"href":"https:\/\/denardidesign.com.br\/site\/index.php?rest_route=\/wp\/v2\/product"}],"about":[{"href":"https:\/\/denardidesign.com.br\/site\/index.php?rest_route=\/wp\/v2\/types\/product"}],"replies":[{"embeddable":true,"href":"https:\/\/denardidesign.com.br\/site\/index.php?rest_route=%2Fwp%2Fv2%2Fcomments&post=910"}],"wp:featuredmedia":[{"embeddable":true,"href":"https:\/\/denardidesign.com.br\/site\/index.php?rest_route=\/wp\/v2\/media\/614"}],"wp:attachment":[{"href":"https:\/\/denardidesign.com.br\/site\/index.php?rest_route=%2Fwp%2Fv2%2Fmedia&parent=910"}],"wp:term":[{"taxonomy":"product_cat","embeddable":true,"href":"https:\/\/denardidesign.com.br\/site\/index.php?rest_route=%2Fwp%2Fv2%2Fproduct_cat&post=910"},{"taxonomy":"product_tag","embeddable":true,"href":"https:\/\/denardidesign.com.br\/site\/index.php?rest_route=%2Fwp%2Fv2%2Fproduct_tag&post=910"}],"curies":[{"name":"wp","href":"https:\/\/api.w.org\/{rel}","templated":true}]}}