{"id":816,"date":"2022-12-26T12:01:08","date_gmt":"2022-12-26T12:01:08","guid":{"rendered":"https:\/\/denardidesign.com.br\/site\/?post_type=product&#038;p=816"},"modified":"2023-12-12T18:05:37","modified_gmt":"2023-12-12T18:05:37","slug":"032-pecas-exclusivas1","status":"publish","type":"product","link":"https:\/\/denardidesign.com.br\/site\/?product=032-pecas-exclusivas1","title":{"rendered":"Linda Namoradeira Artesanal"},"content":{"rendered":"<blockquote><p>&nbsp;<\/p><\/blockquote>\n<p>&nbsp;<\/p>\n<p>&nbsp;<\/p>\n<p>Uma linda namoradeira toda feita a m\u00e3o pelo artes\u00e3o Marcos De Nardi com um design atemporal e elegante tornando-se um pe\u00e7a perfeita para um jardim , varanda ou at\u00e9 mesmo um hall de entrada .<\/p>\n<p>&nbsp;<\/p>\n<p>Fazemos outras pe\u00e7as SOB ENCOMENDA.<\/p>\n<p>&nbsp;<\/p>\n<p><strong>Pe\u00e7a Nova R$ 1.850,00 sob encomenda.<\/strong><\/p>\n<p>Retirada no Ateli\u00ea em Bairro de F\u00e1tima<\/p>\n<p>&nbsp;<\/p>\n<p>&nbsp;<\/p>\n<p>&nbsp;<\/p>\n","protected":false},"excerpt":{"rendered":"<p>Uma linda namoradeira toda feita a m\u00e3o com um design atemporal e elegante tornando -se um pe\u00e7a perfeita para um jardim , varanda ou at\u00e9 mesmo um hall de entrada .<\/p>\n<p>&nbsp;<\/p>\n<p><strong>Pe\u00e7a Nova R$ 1.850,00 sob encomenda.<\/strong><\/p>\n<p>Retirada no Ateli\u00ea em Bairro de F\u00e1tima<\/p>\n<p>&nbsp;<\/p>\n","protected":false},"featured_media":456,"comment_status":"open","ping_status":"closed","template":"","meta":{"site-sidebar-layout":"default","site-content-layout":"default","ast-global-header-display":"","ast-main-header-display":"","ast-hfb-above-header-display":"","ast-hfb-below-header-display":"","ast-hfb-mobile-header-display":"","site-post-title":"","ast-breadcrumbs-content":"","ast-featured-img":"","footer-sml-layout":"","theme-transparent-header-meta":"default","adv-header-id-meta":"","stick-header-meta":"","header-above-stick-meta":"","header-main-stick-meta":"","header-below-stick-meta":""},"product_cat":[22,24],"product_tag":[],"class_list":{"0":"post-816","1":"product","2":"type-product","3":"status-publish","4":"has-post-thumbnail","6":"product_cat-pecas-de-decoracao-clientes","7":"product_cat-pecas-exclusivas-artesao","8":"desktop-align-left","9":"tablet-align-left","10":"mobile-align-left","12":"first","13":"instock","14":"shipping-taxable","15":"purchasable","16":"product-type-simple"},"_links":{"self":[{"href":"https:\/\/denardidesign.com.br\/site\/index.php?rest_route=\/wp\/v2\/product\/816","targetHints":{"allow":["GET"]}}],"collection":[{"href":"https:\/\/denardidesign.com.br\/site\/index.php?rest_route=\/wp\/v2\/product"}],"about":[{"href":"https:\/\/denardidesign.com.br\/site\/index.php?rest_route=\/wp\/v2\/types\/product"}],"replies":[{"embeddable":true,"href":"https:\/\/denardidesign.com.br\/site\/index.php?rest_route=%2Fwp%2Fv2%2Fcomments&post=816"}],"wp:featuredmedia":[{"embeddable":true,"href":"https:\/\/denardidesign.com.br\/site\/index.php?rest_route=\/wp\/v2\/media\/456"}],"wp:attachment":[{"href":"https:\/\/denardidesign.com.br\/site\/index.php?rest_route=%2Fwp%2Fv2%2Fmedia&parent=816"}],"wp:term":[{"taxonomy":"product_cat","embeddable":true,"href":"https:\/\/denardidesign.com.br\/site\/index.php?rest_route=%2Fwp%2Fv2%2Fproduct_cat&post=816"},{"taxonomy":"product_tag","embeddable":true,"href":"https:\/\/denardidesign.com.br\/site\/index.php?rest_route=%2Fwp%2Fv2%2Fproduct_tag&post=816"}],"curies":[{"name":"wp","href":"https:\/\/api.w.org\/{rel}","templated":true}]}}