{"id":806,"date":"2022-12-26T11:55:02","date_gmt":"2022-12-26T11:55:02","guid":{"rendered":"https:\/\/denardidesign.com.br\/site\/?post_type=product&#038;p=806"},"modified":"2023-08-31T14:34:17","modified_gmt":"2023-08-31T14:34:17","slug":"022-pecas-exclusivas1-2","status":"publish","type":"product","link":"https:\/\/denardidesign.com.br\/site\/?product=022-pecas-exclusivas1-2","title":{"rendered":"Banqueta de Cubo"},"content":{"rendered":"<ol>\n<li>As pe\u00e7as do artes\u00e3o Marcos De Nardi s\u00e3o Criativas e de qualidade.<\/li>\n<\/ol>\n<p>Fa\u00e7a- nos uma visita e sinta-se em casa.<\/p>\n<p>Retirada no At\u00ealie em Bairro de Fatima Serra ES<\/p>\n<p><strong>Sob encomenda<\/strong><\/p>\n","protected":false},"excerpt":{"rendered":"<p>Fa\u00e7a- nos uma visita e sinta-se em casa.<\/p>\n<p>Retirada no At\u00ealie em Bairro de Fatima Serra ES<\/p>\n<p>Sob encomenda<\/p>\n","protected":false},"featured_media":466,"comment_status":"open","ping_status":"closed","template":"","meta":{"site-sidebar-layout":"default","site-content-layout":"default","ast-global-header-display":"","ast-main-header-display":"","ast-hfb-above-header-display":"","ast-hfb-below-header-display":"","ast-hfb-mobile-header-display":"","site-post-title":"","ast-breadcrumbs-content":"","ast-featured-img":"","footer-sml-layout":"","theme-transparent-header-meta":"default","adv-header-id-meta":"","stick-header-meta":"","header-above-stick-meta":"","header-main-stick-meta":"","header-below-stick-meta":""},"product_cat":[24],"product_tag":[],"class_list":{"0":"post-806","1":"product","2":"type-product","3":"status-publish","4":"has-post-thumbnail","6":"product_cat-pecas-exclusivas-artesao","7":"desktop-align-left","8":"tablet-align-left","9":"mobile-align-left","11":"first","12":"instock","13":"shipping-taxable","14":"product-type-simple"},"_links":{"self":[{"href":"https:\/\/denardidesign.com.br\/site\/index.php?rest_route=\/wp\/v2\/product\/806","targetHints":{"allow":["GET"]}}],"collection":[{"href":"https:\/\/denardidesign.com.br\/site\/index.php?rest_route=\/wp\/v2\/product"}],"about":[{"href":"https:\/\/denardidesign.com.br\/site\/index.php?rest_route=\/wp\/v2\/types\/product"}],"replies":[{"embeddable":true,"href":"https:\/\/denardidesign.com.br\/site\/index.php?rest_route=%2Fwp%2Fv2%2Fcomments&post=806"}],"wp:featuredmedia":[{"embeddable":true,"href":"https:\/\/denardidesign.com.br\/site\/index.php?rest_route=\/wp\/v2\/media\/466"}],"wp:attachment":[{"href":"https:\/\/denardidesign.com.br\/site\/index.php?rest_route=%2Fwp%2Fv2%2Fmedia&parent=806"}],"wp:term":[{"taxonomy":"product_cat","embeddable":true,"href":"https:\/\/denardidesign.com.br\/site\/index.php?rest_route=%2Fwp%2Fv2%2Fproduct_cat&post=806"},{"taxonomy":"product_tag","embeddable":true,"href":"https:\/\/denardidesign.com.br\/site\/index.php?rest_route=%2Fwp%2Fv2%2Fproduct_tag&post=806"}],"curies":[{"name":"wp","href":"https:\/\/api.w.org\/{rel}","templated":true}]}}