{"id":804,"date":"2022-12-26T11:53:53","date_gmt":"2022-12-26T11:53:53","guid":{"rendered":"https:\/\/denardidesign.com.br\/site\/?post_type=product&#038;p=804"},"modified":"2023-03-17T19:10:12","modified_gmt":"2023-03-17T19:10:12","slug":"022-pecas-exclusivas1","status":"publish","type":"product","link":"https:\/\/denardidesign.com.br\/site\/?product=022-pecas-exclusivas1","title":{"rendered":"Pendulo de  Suculenta"},"content":{"rendered":"<p>Um lindo p\u00eandulo de Suculenta Criativo para dar de presente a quem voc\u00ea ama, uma pe\u00e7a diferenciada e decorativa para\u00a0 seu ambiente.<\/p>\n<p><strong>sob encomenda.<\/strong><\/p>\n<p>Retirada no Ateli\u00ear em Bairro de Fatima<\/p>\n","protected":false},"excerpt":{"rendered":"<p><strong>sob encomenda.<\/strong><\/p>\n<p>Retirada no Ateli\u00ear em Bairro de Fatima<\/p>\n","protected":false},"featured_media":468,"comment_status":"open","ping_status":"closed","template":"","meta":{"site-sidebar-layout":"default","site-content-layout":"default","ast-global-header-display":"","ast-main-header-display":"","ast-hfb-above-header-display":"","ast-hfb-below-header-display":"","ast-hfb-mobile-header-display":"","site-post-title":"","ast-breadcrumbs-content":"","ast-featured-img":"","footer-sml-layout":"","theme-transparent-header-meta":"default","adv-header-id-meta":"","stick-header-meta":"","header-above-stick-meta":"","header-main-stick-meta":"","header-below-stick-meta":""},"product_cat":[24],"product_tag":[],"class_list":{"0":"post-804","1":"product","2":"type-product","3":"status-publish","4":"has-post-thumbnail","6":"product_cat-pecas-exclusivas-artesao","7":"desktop-align-left","8":"tablet-align-left","9":"mobile-align-left","11":"first","12":"instock","13":"shipping-taxable","14":"product-type-simple"},"_links":{"self":[{"href":"https:\/\/denardidesign.com.br\/site\/index.php?rest_route=\/wp\/v2\/product\/804","targetHints":{"allow":["GET"]}}],"collection":[{"href":"https:\/\/denardidesign.com.br\/site\/index.php?rest_route=\/wp\/v2\/product"}],"about":[{"href":"https:\/\/denardidesign.com.br\/site\/index.php?rest_route=\/wp\/v2\/types\/product"}],"replies":[{"embeddable":true,"href":"https:\/\/denardidesign.com.br\/site\/index.php?rest_route=%2Fwp%2Fv2%2Fcomments&post=804"}],"wp:featuredmedia":[{"embeddable":true,"href":"https:\/\/denardidesign.com.br\/site\/index.php?rest_route=\/wp\/v2\/media\/468"}],"wp:attachment":[{"href":"https:\/\/denardidesign.com.br\/site\/index.php?rest_route=%2Fwp%2Fv2%2Fmedia&parent=804"}],"wp:term":[{"taxonomy":"product_cat","embeddable":true,"href":"https:\/\/denardidesign.com.br\/site\/index.php?rest_route=%2Fwp%2Fv2%2Fproduct_cat&post=804"},{"taxonomy":"product_tag","embeddable":true,"href":"https:\/\/denardidesign.com.br\/site\/index.php?rest_route=%2Fwp%2Fv2%2Fproduct_tag&post=804"}],"curies":[{"name":"wp","href":"https:\/\/api.w.org\/{rel}","templated":true}]}}