{"id":787,"date":"2022-12-26T11:43:31","date_gmt":"2022-12-26T11:43:31","guid":{"rendered":"https:\/\/denardidesign.com.br\/site\/?post_type=product&#038;p=787"},"modified":"2024-06-25T22:49:19","modified_gmt":"2024-06-25T22:49:19","slug":"006-pecas-exclusivas1","status":"publish","type":"product","link":"https:\/\/denardidesign.com.br\/site\/?product=006-pecas-exclusivas1","title":{"rendered":"Escadinha para Plantas"},"content":{"rendered":"<p>Se voc\u00ea procura uma pe\u00e7a \u00fanica e r\u00fastica para decorar seu ambiente com um toque especial\u00a0 veio ao lugar certo.<\/p>\n<p>Realizamos pe\u00e7as em ferro artesanal feitas a m\u00e3o com acabamento exclusivo.<\/p>\n<p><strong>V\u00e1rios estilos sob encomenda.<\/strong><\/p>\n<p>Retirada em nosso ateli\u00ea em Bairro de F\u00e1tima Serra ES<\/p>\n","protected":false},"excerpt":{"rendered":"<p>Uma pe\u00e7a criativa e decorativa artesanal.<\/p>\n<p>Se voc\u00ea procura uma pe\u00e7a \u00fanica e r\u00fastica para decorar seu ambiente com um toque especial\u00a0 veio ao lugar certo.<\/p>\n<p>Realizamos pe\u00e7as em ferro artesanal feitas a m\u00e3o com acabamento exclusivo.<\/p>\n<p><strong>Realizamos\u00a0 seus sonhos traga o seu projeto e sinta-se em casa.<\/strong><\/p>\n<p>Solicite seu or\u00e7amento via WhatsApp.(27) 99728-6622<br \/>\nPrazo de Entrega: A combinar<\/p>\n<p>Atelie em Bairro de Fatima Serra ES<\/p>\n<p>&nbsp;<\/p>\n<p>&nbsp;<\/p>\n<p>&nbsp;<\/p>\n","protected":false},"featured_media":467,"comment_status":"open","ping_status":"closed","template":"","meta":{"site-sidebar-layout":"default","site-content-layout":"default","ast-global-header-display":"","ast-main-header-display":"","ast-hfb-above-header-display":"","ast-hfb-below-header-display":"","ast-hfb-mobile-header-display":"","site-post-title":"","ast-breadcrumbs-content":"","ast-featured-img":"","footer-sml-layout":"","theme-transparent-header-meta":"default","adv-header-id-meta":"","stick-header-meta":"","header-above-stick-meta":"","header-main-stick-meta":"","header-below-stick-meta":""},"product_cat":[22,24],"product_tag":[],"class_list":{"0":"post-787","1":"product","2":"type-product","3":"status-publish","4":"has-post-thumbnail","6":"product_cat-pecas-de-decoracao-clientes","7":"product_cat-pecas-exclusivas-artesao","8":"desktop-align-left","9":"tablet-align-left","10":"mobile-align-left","12":"first","13":"instock","14":"shipping-taxable","15":"purchasable","16":"product-type-simple"},"_links":{"self":[{"href":"https:\/\/denardidesign.com.br\/site\/index.php?rest_route=\/wp\/v2\/product\/787","targetHints":{"allow":["GET"]}}],"collection":[{"href":"https:\/\/denardidesign.com.br\/site\/index.php?rest_route=\/wp\/v2\/product"}],"about":[{"href":"https:\/\/denardidesign.com.br\/site\/index.php?rest_route=\/wp\/v2\/types\/product"}],"replies":[{"embeddable":true,"href":"https:\/\/denardidesign.com.br\/site\/index.php?rest_route=%2Fwp%2Fv2%2Fcomments&post=787"}],"wp:featuredmedia":[{"embeddable":true,"href":"https:\/\/denardidesign.com.br\/site\/index.php?rest_route=\/wp\/v2\/media\/467"}],"wp:attachment":[{"href":"https:\/\/denardidesign.com.br\/site\/index.php?rest_route=%2Fwp%2Fv2%2Fmedia&parent=787"}],"wp:term":[{"taxonomy":"product_cat","embeddable":true,"href":"https:\/\/denardidesign.com.br\/site\/index.php?rest_route=%2Fwp%2Fv2%2Fproduct_cat&post=787"},{"taxonomy":"product_tag","embeddable":true,"href":"https:\/\/denardidesign.com.br\/site\/index.php?rest_route=%2Fwp%2Fv2%2Fproduct_tag&post=787"}],"curies":[{"name":"wp","href":"https:\/\/api.w.org\/{rel}","templated":true}]}}