{"id":777,"date":"2022-12-26T11:36:20","date_gmt":"2022-12-26T11:36:20","guid":{"rendered":"https:\/\/denardidesign.com.br\/site\/?post_type=product&#038;p=777"},"modified":"2023-08-31T14:14:44","modified_gmt":"2023-08-31T14:14:44","slug":"017-criatividade-clientes","status":"publish","type":"product","link":"https:\/\/denardidesign.com.br\/site\/?product=017-criatividade-clientes","title":{"rendered":"Luminaria Marroquina"},"content":{"rendered":"<p>Se voc\u00ea procura uma pe\u00e7a \u00fanica e r\u00fastica para decorar seu ambiente com um toque especial\u00a0 veio ao lugar certo.<\/p>\n<p>Realizamos pe\u00e7as em ferro artesanal feitas a m\u00e3o com acabamento exclusivo.<\/p>\n<p>\u00daltima pe\u00e7a<\/p>\n<p>Realizamos projetos fa\u00e7a uma consulta<\/p>\n<p>Retirada no at\u00ealie em Bairro de F\u00e1tima Serra ES<\/p>\n<p>&nbsp;<\/p>\n<p>&nbsp;<\/p>\n<p>&nbsp;<\/p>\n<p>&nbsp;<\/p>\n","protected":false},"excerpt":{"rendered":"<p>Se voc\u00ea procura uma pe\u00e7a \u00fanica e r\u00fastica para decorar seu ambiente com um toque especial\u00a0 veio ao lugar certo.<\/p>\n<p>Realizamos pe\u00e7as em ferro artesanal feitas a m\u00e3o com acabamento exclusivo.<\/p>\n<p>\u00daltima pe\u00e7a<\/p>\n<p>Realizamos projetos fa\u00e7a uma consulta<\/p>\n<p>Retirada no at\u00ealie em Bairro de F\u00e1tima Serra ES<\/p>\n<p>&nbsp;<\/p>\n<p>&nbsp;<\/p>\n<p>&nbsp;<\/p>\n<p>&nbsp;<\/p>\n","protected":false},"featured_media":560,"comment_status":"open","ping_status":"closed","template":"","meta":{"site-sidebar-layout":"default","site-content-layout":"default","ast-global-header-display":"","ast-main-header-display":"","ast-hfb-above-header-display":"","ast-hfb-below-header-display":"","ast-hfb-mobile-header-display":"","site-post-title":"","ast-breadcrumbs-content":"","ast-featured-img":"","footer-sml-layout":"","theme-transparent-header-meta":"default","adv-header-id-meta":"","stick-header-meta":"","header-above-stick-meta":"","header-main-stick-meta":"","header-below-stick-meta":""},"product_cat":[22],"product_tag":[],"class_list":{"0":"post-777","1":"product","2":"type-product","3":"status-publish","4":"has-post-thumbnail","6":"product_cat-pecas-de-decoracao-clientes","7":"desktop-align-left","8":"tablet-align-left","9":"mobile-align-left","11":"first","12":"instock","13":"shipping-taxable","14":"product-type-simple"},"_links":{"self":[{"href":"https:\/\/denardidesign.com.br\/site\/index.php?rest_route=\/wp\/v2\/product\/777","targetHints":{"allow":["GET"]}}],"collection":[{"href":"https:\/\/denardidesign.com.br\/site\/index.php?rest_route=\/wp\/v2\/product"}],"about":[{"href":"https:\/\/denardidesign.com.br\/site\/index.php?rest_route=\/wp\/v2\/types\/product"}],"replies":[{"embeddable":true,"href":"https:\/\/denardidesign.com.br\/site\/index.php?rest_route=%2Fwp%2Fv2%2Fcomments&post=777"}],"wp:featuredmedia":[{"embeddable":true,"href":"https:\/\/denardidesign.com.br\/site\/index.php?rest_route=\/wp\/v2\/media\/560"}],"wp:attachment":[{"href":"https:\/\/denardidesign.com.br\/site\/index.php?rest_route=%2Fwp%2Fv2%2Fmedia&parent=777"}],"wp:term":[{"taxonomy":"product_cat","embeddable":true,"href":"https:\/\/denardidesign.com.br\/site\/index.php?rest_route=%2Fwp%2Fv2%2Fproduct_cat&post=777"},{"taxonomy":"product_tag","embeddable":true,"href":"https:\/\/denardidesign.com.br\/site\/index.php?rest_route=%2Fwp%2Fv2%2Fproduct_tag&post=777"}],"curies":[{"name":"wp","href":"https:\/\/api.w.org\/{rel}","templated":true}]}}