{"id":776,"date":"2022-12-26T11:35:49","date_gmt":"2022-12-26T11:35:49","guid":{"rendered":"https:\/\/denardidesign.com.br\/site\/?post_type=product&#038;p=776"},"modified":"2023-08-31T12:03:45","modified_gmt":"2023-08-31T12:03:45","slug":"016-criatividade-clientes","status":"publish","type":"product","link":"https:\/\/denardidesign.com.br\/site\/?product=016-criatividade-clientes","title":{"rendered":"Pilar Decorativo para Suculenta"},"content":{"rendered":"<p>Um lindo Pilar para Suculenta para decorar a sua sala .<\/p>\n<p>Uma pe\u00e7a artesanal com design\u00a0 diferenciado para compor o\u00a0 seu ambiente.<\/p>\n<p>Pagamento em dinheiro ou PIx .<\/p>\n<p><strong>SOB ENCOMENDA\u00a0<\/strong><\/p>\n<p>V\u00e1rios estilos e modelos sob encomenda \u00e1 partir de 115,00 .<\/p>\n<p>Retirada no Ateli\u00ear em Bairro de Fatima<\/p>\n","protected":false},"excerpt":{"rendered":"<p>Surpreenda algu\u00e9m especial, d\u00ea um presente perfeito para quem ama decora\u00e7\u00e3o.<\/p>\n<p>Um lindo Pilar para Suculaenta para decorar a sua sala com um toque de eleg\u00e2ncia .<\/p>\n<p>Uma pe\u00e7a artesanal com design\u00a0 diferenciado para compor o\u00a0 seu ambiente.<\/p>\n<p>Pagamento em dinheiro PIx ou 1 vez no cart\u00e3o de cr\u00e9dito .<\/p>\n<p><strong>SOB ENCOMENDA<\/strong><\/p>\n<p>V\u00e1rios estilos e modelos sob encomenda \u00e1 partir de 115,00 .<\/p>\n<p>Retirada no Ateli\u00ear em Bairro de Fatima<\/p>\n","protected":false},"featured_media":562,"comment_status":"open","ping_status":"closed","template":"","meta":{"site-sidebar-layout":"default","site-content-layout":"default","ast-global-header-display":"","ast-main-header-display":"","ast-hfb-above-header-display":"","ast-hfb-below-header-display":"","ast-hfb-mobile-header-display":"","site-post-title":"","ast-breadcrumbs-content":"","ast-featured-img":"","footer-sml-layout":"","theme-transparent-header-meta":"default","adv-header-id-meta":"","stick-header-meta":"","header-above-stick-meta":"","header-main-stick-meta":"","header-below-stick-meta":""},"product_cat":[22,24],"product_tag":[],"class_list":{"0":"post-776","1":"product","2":"type-product","3":"status-publish","4":"has-post-thumbnail","6":"product_cat-pecas-de-decoracao-clientes","7":"product_cat-pecas-exclusivas-artesao","8":"desktop-align-left","9":"tablet-align-left","10":"mobile-align-left","12":"first","13":"instock","14":"shipping-taxable","15":"purchasable","16":"product-type-simple"},"_links":{"self":[{"href":"https:\/\/denardidesign.com.br\/site\/index.php?rest_route=\/wp\/v2\/product\/776","targetHints":{"allow":["GET"]}}],"collection":[{"href":"https:\/\/denardidesign.com.br\/site\/index.php?rest_route=\/wp\/v2\/product"}],"about":[{"href":"https:\/\/denardidesign.com.br\/site\/index.php?rest_route=\/wp\/v2\/types\/product"}],"replies":[{"embeddable":true,"href":"https:\/\/denardidesign.com.br\/site\/index.php?rest_route=%2Fwp%2Fv2%2Fcomments&post=776"}],"wp:featuredmedia":[{"embeddable":true,"href":"https:\/\/denardidesign.com.br\/site\/index.php?rest_route=\/wp\/v2\/media\/562"}],"wp:attachment":[{"href":"https:\/\/denardidesign.com.br\/site\/index.php?rest_route=%2Fwp%2Fv2%2Fmedia&parent=776"}],"wp:term":[{"taxonomy":"product_cat","embeddable":true,"href":"https:\/\/denardidesign.com.br\/site\/index.php?rest_route=%2Fwp%2Fv2%2Fproduct_cat&post=776"},{"taxonomy":"product_tag","embeddable":true,"href":"https:\/\/denardidesign.com.br\/site\/index.php?rest_route=%2Fwp%2Fv2%2Fproduct_tag&post=776"}],"curies":[{"name":"wp","href":"https:\/\/api.w.org\/{rel}","templated":true}]}}