{"id":774,"date":"2022-12-26T11:34:36","date_gmt":"2022-12-26T11:34:36","guid":{"rendered":"https:\/\/denardidesign.com.br\/site\/?post_type=product&#038;p=774"},"modified":"2024-06-26T13:58:35","modified_gmt":"2024-06-26T13:58:35","slug":"014-criatividade-clientes","status":"publish","type":"product","link":"https:\/\/denardidesign.com.br\/site\/?product=014-criatividade-clientes","title":{"rendered":"Alpendre para Porta                                            &#8211;                Projeto DeNardi Design"},"content":{"rendered":"<p>A beleza do ferro artesanal\u00a0 \u00e9 a facilidade de poder compor o seu ambiente; desde o R\u00fastico at\u00e9 o Minimalista.<\/p>\n<p>Uma lindo alpendre artesanal de porta d\u00e1 uma prote\u00e7\u00e3o e charme com um toque todo especial a sua decora\u00e7\u00e3o<\/p>\n<p>As pe\u00e7as\u00a0 artesanais s\u00e3o feitas a m\u00e3o com todo carinho e com um acabamento exclusivo.<\/p>\n<p>Aproveite a oportunidade de ter uma pe\u00e7a de qualidade e estilosa .<\/p>\n<p>Sob encomenda fa\u00e7a o seu or\u00e7amento sem compromisso<\/p>\n<p>Retirada no at\u00ealie em Bairro de F\u00e1tima Serra ES<\/p>\n","protected":false},"excerpt":{"rendered":"<p>A beleza do ferro artesanal\u00a0 \u00e9 a facilidade de poder compor o seu ambiente; desde o R\u00fastico at\u00e9 o Minimalista.<\/p>\n<p>Uma lindo alpendre artesanal de porta d\u00e1 uma prote\u00e7\u00e3o e charme com um toque todo especial a sua decora\u00e7\u00e3o<\/p>\n<p>As pe\u00e7as\u00a0 artesanais s\u00e3o feitas a m\u00e3o com todo carinho e com um acabamento exclusivo.<\/p>\n<p>Aproveite a oportunidade de ter uma pe\u00e7a de qualidade e estilosa .<\/p>\n<p>Uma pe\u00e7a artesanal com design\u00a0 diferenciado para compor o\u00a0 seu ambiente.<\/p>\n<p>V\u00e1rios estilos e modelos sob encomenda .<\/p>\n<p><strong>Projeto\u00a0 \u00a0Artista Marcos De Nardi<\/strong><\/p>\n<p><strong>Realizamos sonhos traga o seu projeto e sinta-se em casa.<\/strong><\/p>\n<p>Solicite seu or\u00e7amento via <strong>WhatsApp.(27) 99728-6622<\/strong><br \/>\nPrazo de Entrega: A combinar<\/p>\n<p>Ateli\u00ea em Bairro de Fatima Serra ES<\/p>\n<p>&nbsp;<\/p>\n","protected":false},"featured_media":565,"comment_status":"open","ping_status":"closed","template":"","meta":{"site-sidebar-layout":"default","site-content-layout":"default","ast-global-header-display":"","ast-main-header-display":"","ast-hfb-above-header-display":"","ast-hfb-below-header-display":"","ast-hfb-mobile-header-display":"","site-post-title":"","ast-breadcrumbs-content":"","ast-featured-img":"","footer-sml-layout":"","theme-transparent-header-meta":"default","adv-header-id-meta":"","stick-header-meta":"","header-above-stick-meta":"","header-main-stick-meta":"","header-below-stick-meta":""},"product_cat":[22],"product_tag":[],"class_list":{"0":"post-774","1":"product","2":"type-product","3":"status-publish","4":"has-post-thumbnail","6":"product_cat-pecas-de-decoracao-clientes","7":"desktop-align-left","8":"tablet-align-left","9":"mobile-align-left","11":"first","12":"instock","13":"shipping-taxable","14":"product-type-simple"},"_links":{"self":[{"href":"https:\/\/denardidesign.com.br\/site\/index.php?rest_route=\/wp\/v2\/product\/774","targetHints":{"allow":["GET"]}}],"collection":[{"href":"https:\/\/denardidesign.com.br\/site\/index.php?rest_route=\/wp\/v2\/product"}],"about":[{"href":"https:\/\/denardidesign.com.br\/site\/index.php?rest_route=\/wp\/v2\/types\/product"}],"replies":[{"embeddable":true,"href":"https:\/\/denardidesign.com.br\/site\/index.php?rest_route=%2Fwp%2Fv2%2Fcomments&post=774"}],"wp:featuredmedia":[{"embeddable":true,"href":"https:\/\/denardidesign.com.br\/site\/index.php?rest_route=\/wp\/v2\/media\/565"}],"wp:attachment":[{"href":"https:\/\/denardidesign.com.br\/site\/index.php?rest_route=%2Fwp%2Fv2%2Fmedia&parent=774"}],"wp:term":[{"taxonomy":"product_cat","embeddable":true,"href":"https:\/\/denardidesign.com.br\/site\/index.php?rest_route=%2Fwp%2Fv2%2Fproduct_cat&post=774"},{"taxonomy":"product_tag","embeddable":true,"href":"https:\/\/denardidesign.com.br\/site\/index.php?rest_route=%2Fwp%2Fv2%2Fproduct_tag&post=774"}],"curies":[{"name":"wp","href":"https:\/\/api.w.org\/{rel}","templated":true}]}}