{"id":772,"date":"2022-12-26T11:33:25","date_gmt":"2022-12-26T11:33:25","guid":{"rendered":"https:\/\/denardidesign.com.br\/site\/?post_type=product&#038;p=772"},"modified":"2023-08-31T11:57:47","modified_gmt":"2023-08-31T11:57:47","slug":"011-criatividade-clientes","status":"publish","type":"product","link":"https:\/\/denardidesign.com.br\/site\/?product=011-criatividade-clientes","title":{"rendered":"Biombo em Ornato"},"content":{"rendered":"<blockquote><p>A beleza do ferro artesanal\u00a0 \u00e9 a facilidade de poder compor o seu ambiente; desde o R\u00fastico at\u00e9 o Minimalista.<\/p><\/blockquote>\n<p>Uma pe\u00e7a \u00fanica e r\u00fastica d\u00e1\u00a0 um toque todo especial a sua decora\u00e7\u00e3o<\/p>\n<p>As pe\u00e7as\u00a0 artesanais s\u00e3o feitas a m\u00e3o com todo carinho e com um acabamento exclusivo.<\/p>\n<p>Aproveite a oportunidade de ter uma pe\u00e7a de qualidade e estilosa .<\/p>\n<p>Sob encomenda<\/p>\n<p>Retirada no at\u00ealie em Bairro de F\u00e1tima Serra ES<\/p>\n","protected":false},"excerpt":{"rendered":"<p>A beleza do ferro artesanal\u00a0 \u00e9 a facilidade de poder compor o seu ambiente; desde o R\u00fastico at\u00e9 o Minimalista.<\/p>\n<p>Uma pe\u00e7a \u00fanica e r\u00fastica d\u00e1\u00a0 um toque todo especial a sua decora\u00e7\u00e3o<\/p>\n<p>As pe\u00e7as\u00a0 artesanais s\u00e3o feitas a m\u00e3o com todo carinho e com um acabamento exclusivo.<\/p>\n<p>Aproveite a oportunidade de ter uma pe\u00e7a de qualidade e estilosa .<\/p>\n<p>Sob encomenda<\/p>\n<p>Retirada no at\u00ealie em Bairro de F\u00e1tima Serra ES<\/p>\n","protected":false},"featured_media":568,"comment_status":"open","ping_status":"closed","template":"","meta":{"site-sidebar-layout":"default","site-content-layout":"default","ast-global-header-display":"","ast-main-header-display":"","ast-hfb-above-header-display":"","ast-hfb-below-header-display":"","ast-hfb-mobile-header-display":"","site-post-title":"","ast-breadcrumbs-content":"","ast-featured-img":"","footer-sml-layout":"","theme-transparent-header-meta":"default","adv-header-id-meta":"","stick-header-meta":"","header-above-stick-meta":"","header-main-stick-meta":"","header-below-stick-meta":""},"product_cat":[22],"product_tag":[],"class_list":{"0":"post-772","1":"product","2":"type-product","3":"status-publish","4":"has-post-thumbnail","6":"product_cat-pecas-de-decoracao-clientes","7":"desktop-align-left","8":"tablet-align-left","9":"mobile-align-left","11":"first","12":"instock","13":"shipping-taxable","14":"product-type-simple"},"_links":{"self":[{"href":"https:\/\/denardidesign.com.br\/site\/index.php?rest_route=\/wp\/v2\/product\/772","targetHints":{"allow":["GET"]}}],"collection":[{"href":"https:\/\/denardidesign.com.br\/site\/index.php?rest_route=\/wp\/v2\/product"}],"about":[{"href":"https:\/\/denardidesign.com.br\/site\/index.php?rest_route=\/wp\/v2\/types\/product"}],"replies":[{"embeddable":true,"href":"https:\/\/denardidesign.com.br\/site\/index.php?rest_route=%2Fwp%2Fv2%2Fcomments&post=772"}],"wp:featuredmedia":[{"embeddable":true,"href":"https:\/\/denardidesign.com.br\/site\/index.php?rest_route=\/wp\/v2\/media\/568"}],"wp:attachment":[{"href":"https:\/\/denardidesign.com.br\/site\/index.php?rest_route=%2Fwp%2Fv2%2Fmedia&parent=772"}],"wp:term":[{"taxonomy":"product_cat","embeddable":true,"href":"https:\/\/denardidesign.com.br\/site\/index.php?rest_route=%2Fwp%2Fv2%2Fproduct_cat&post=772"},{"taxonomy":"product_tag","embeddable":true,"href":"https:\/\/denardidesign.com.br\/site\/index.php?rest_route=%2Fwp%2Fv2%2Fproduct_tag&post=772"}],"curies":[{"name":"wp","href":"https:\/\/api.w.org\/{rel}","templated":true}]}}