{"id":766,"date":"2022-12-26T11:29:32","date_gmt":"2022-12-26T11:29:32","guid":{"rendered":"https:\/\/denardidesign.com.br\/site\/?post_type=product&#038;p=766"},"modified":"2023-08-31T14:16:19","modified_gmt":"2023-08-31T14:16:19","slug":"005-criatividade-clientes","status":"publish","type":"product","link":"https:\/\/denardidesign.com.br\/site\/?product=005-criatividade-clientes","title":{"rendered":"V\u00e1rias pe\u00e7as Decorativas"},"content":{"rendered":"<p>Lindas pe\u00e7as Decorativas e Criativas para presentear\u00a0 quem voc\u00ea ama, uma pe\u00e7a diferenciada\u00a0 para seu ambiente.<\/p>\n<p>Solicite seu or\u00e7amento via WhatsApp.<br \/>\nPrazo de Entrega: A combinar<\/p>\n<p>Retirada no Atelie em Bairro de F\u00e1tima Serra<\/p>\n","protected":false},"excerpt":{"rendered":"<p>Lindas pe\u00e7as Decorativas e Criativas para presentear\u00a0 quem voc\u00ea ama, uma pe\u00e7a diferenciada\u00a0 para seu ambiente.<\/p>\n<p>Solicite seu or\u00e7amento via WhatsApp.<br \/>\nPrazo de Entrega: A combinar<\/p>\n<p>Retirada no Atelie em Bairro de F\u00e1tima Serra<\/p>\n","protected":false},"featured_media":579,"comment_status":"open","ping_status":"closed","template":"","meta":{"site-sidebar-layout":"default","site-content-layout":"default","ast-global-header-display":"","ast-main-header-display":"","ast-hfb-above-header-display":"","ast-hfb-below-header-display":"","ast-hfb-mobile-header-display":"","site-post-title":"","ast-breadcrumbs-content":"","ast-featured-img":"","footer-sml-layout":"","theme-transparent-header-meta":"default","adv-header-id-meta":"","stick-header-meta":"","header-above-stick-meta":"","header-main-stick-meta":"","header-below-stick-meta":""},"product_cat":[22],"product_tag":[],"class_list":{"0":"post-766","1":"product","2":"type-product","3":"status-publish","4":"has-post-thumbnail","6":"product_cat-pecas-de-decoracao-clientes","7":"desktop-align-left","8":"tablet-align-left","9":"mobile-align-left","11":"first","12":"instock","13":"shipping-taxable","14":"product-type-simple"},"_links":{"self":[{"href":"https:\/\/denardidesign.com.br\/site\/index.php?rest_route=\/wp\/v2\/product\/766","targetHints":{"allow":["GET"]}}],"collection":[{"href":"https:\/\/denardidesign.com.br\/site\/index.php?rest_route=\/wp\/v2\/product"}],"about":[{"href":"https:\/\/denardidesign.com.br\/site\/index.php?rest_route=\/wp\/v2\/types\/product"}],"replies":[{"embeddable":true,"href":"https:\/\/denardidesign.com.br\/site\/index.php?rest_route=%2Fwp%2Fv2%2Fcomments&post=766"}],"wp:featuredmedia":[{"embeddable":true,"href":"https:\/\/denardidesign.com.br\/site\/index.php?rest_route=\/wp\/v2\/media\/579"}],"wp:attachment":[{"href":"https:\/\/denardidesign.com.br\/site\/index.php?rest_route=%2Fwp%2Fv2%2Fmedia&parent=766"}],"wp:term":[{"taxonomy":"product_cat","embeddable":true,"href":"https:\/\/denardidesign.com.br\/site\/index.php?rest_route=%2Fwp%2Fv2%2Fproduct_cat&post=766"},{"taxonomy":"product_tag","embeddable":true,"href":"https:\/\/denardidesign.com.br\/site\/index.php?rest_route=%2Fwp%2Fv2%2Fproduct_tag&post=766"}],"curies":[{"name":"wp","href":"https:\/\/api.w.org\/{rel}","templated":true}]}}