{"id":756,"date":"2022-12-26T11:21:35","date_gmt":"2022-12-26T11:21:35","guid":{"rendered":"https:\/\/denardidesign.com.br\/site\/?post_type=product&#038;p=756"},"modified":"2023-08-31T11:58:38","modified_gmt":"2023-08-31T11:58:38","slug":"011-mesa-apoio","status":"publish","type":"product","link":"https:\/\/denardidesign.com.br\/site\/?product=011-mesa-apoio","title":{"rendered":"P\u00e9 de Mesa Retr\u00f4"},"content":{"rendered":"<p>Um p\u00e9 de mesa Retr\u00f4 feito a m\u00e3o em ferro\u00a0 artesanal com design\u00a0 diferenciado para compor o\u00a0 seu ambiente.<\/p>\n<p>SOB ENCOMENDA<\/p>\n<p>Prazo: 20 dias uteis ap\u00f3s o sinal de 50 %<\/p>\n<p>Tampo de Mosaico apenas ilustrativo<\/p>\n<p>Retirada no at\u00ealie em bairro de f\u00e1tima<\/p>\n","protected":false},"excerpt":{"rendered":"<p>Um p\u00e9 de mesa Retr\u00f4 feito a m\u00e3o em ferro\u00a0 artesanal com design\u00a0 diferenciado para compor o\u00a0 seu ambiente.<\/p>\n<p>Uma linda pe\u00e7a diferenciada da Denardi Design<\/p>\n<p><strong>SOB ENCOMENDA<\/strong><\/p>\n<p><strong>Prazo: 20 dias uteis ap\u00f3s o sinal de 50 %<\/strong><\/p>\n<p>Tampo de Mosaico apenas ilustrativo<\/p>\n<p>Retirada no at\u00ealie em bairro de f\u00e1tima<\/p>\n<p>&nbsp;<\/p>\n<p>&nbsp;<\/p>\n","protected":false},"featured_media":619,"comment_status":"open","ping_status":"closed","template":"","meta":{"site-sidebar-layout":"default","site-content-layout":"default","ast-global-header-display":"","ast-main-header-display":"","ast-hfb-above-header-display":"","ast-hfb-below-header-display":"","ast-hfb-mobile-header-display":"","site-post-title":"","ast-breadcrumbs-content":"","ast-featured-img":"","footer-sml-layout":"","theme-transparent-header-meta":"default","adv-header-id-meta":"","stick-header-meta":"","header-above-stick-meta":"","header-main-stick-meta":"","header-below-stick-meta":""},"product_cat":[20,22,24],"product_tag":[],"class_list":{"0":"post-756","1":"product","2":"type-product","3":"status-publish","4":"has-post-thumbnail","6":"product_cat-mesas-exclusivas-apoio","7":"product_cat-pecas-de-decoracao-clientes","8":"product_cat-pecas-exclusivas-artesao","9":"desktop-align-left","10":"tablet-align-left","11":"mobile-align-left","13":"first","14":"instock","15":"shipping-taxable","16":"purchasable","17":"product-type-simple"},"_links":{"self":[{"href":"https:\/\/denardidesign.com.br\/site\/index.php?rest_route=\/wp\/v2\/product\/756","targetHints":{"allow":["GET"]}}],"collection":[{"href":"https:\/\/denardidesign.com.br\/site\/index.php?rest_route=\/wp\/v2\/product"}],"about":[{"href":"https:\/\/denardidesign.com.br\/site\/index.php?rest_route=\/wp\/v2\/types\/product"}],"replies":[{"embeddable":true,"href":"https:\/\/denardidesign.com.br\/site\/index.php?rest_route=%2Fwp%2Fv2%2Fcomments&post=756"}],"wp:featuredmedia":[{"embeddable":true,"href":"https:\/\/denardidesign.com.br\/site\/index.php?rest_route=\/wp\/v2\/media\/619"}],"wp:attachment":[{"href":"https:\/\/denardidesign.com.br\/site\/index.php?rest_route=%2Fwp%2Fv2%2Fmedia&parent=756"}],"wp:term":[{"taxonomy":"product_cat","embeddable":true,"href":"https:\/\/denardidesign.com.br\/site\/index.php?rest_route=%2Fwp%2Fv2%2Fproduct_cat&post=756"},{"taxonomy":"product_tag","embeddable":true,"href":"https:\/\/denardidesign.com.br\/site\/index.php?rest_route=%2Fwp%2Fv2%2Fproduct_tag&post=756"}],"curies":[{"name":"wp","href":"https:\/\/api.w.org\/{rel}","templated":true}]}}