{"id":747,"date":"2022-12-26T11:11:20","date_gmt":"2022-12-26T11:11:20","guid":{"rendered":"https:\/\/denardidesign.com.br\/site\/?post_type=product&#038;p=747"},"modified":"2024-06-25T23:04:47","modified_gmt":"2024-06-25T23:04:47","slug":"002-mesa-apoio","status":"publish","type":"product","link":"https:\/\/denardidesign.com.br\/site\/?product=002-mesa-apoio","title":{"rendered":"Mesa Aparador"},"content":{"rendered":"<p>Descri\u00e7\u00e3o<\/p>\n<p>Se voc\u00ea procura uma pe\u00e7a \u00fanica e r\u00fastica para decorar seu ambiente com um toque especial\u00a0 veio ao lugar certo.<\/p>\n<p>Realizamos pe\u00e7as em ferro artesanal feitas a m\u00e3o com acabamento exclusivo.<\/p>\n<p>&nbsp;<\/p>\n<p>Realizamos projetos fa\u00e7a uma consulta<\/p>\n<p>Retirada no at\u00ealie em Bairro de F\u00e1tima Serra ES<\/p>\n","protected":false},"excerpt":{"rendered":"<p>Resumo<\/p>\n<p>D\u00ea um lindo presente da Denardi design uma pe\u00e7a exclusiva feita com todo carinho.<\/p>\n<p>Se voc\u00ea procura uma pe\u00e7a \u00fanica e r\u00fastica para decorar seu ambiente com um toque especial\u00a0 veio ao lugar certo.<\/p>\n<p>Realizamos pe\u00e7as em ferro artesanal feitas a m\u00e3o com acabamento exclusivo.<\/p>\n<p>Pagamento em dinheiro, PIX ou 1 vez no cart\u00e3o de cr\u00e9dito.<\/p>\n<p><strong>\u00a0sob encomenda.<\/strong><\/p>\n<p>Realizamos projetos fa\u00e7a uma consulta<\/p>\n<p>Retirada no at\u00ealie em Bairro de F\u00e1tima Serra ES<\/p>\n<p>&nbsp;<\/p>\n<p>&nbsp;<\/p>\n<p>&nbsp;<\/p>\n<p>&nbsp;<\/p>\n","protected":false},"featured_media":939,"comment_status":"open","ping_status":"closed","template":"","meta":{"site-sidebar-layout":"default","site-content-layout":"default","ast-global-header-display":"","ast-main-header-display":"","ast-hfb-above-header-display":"","ast-hfb-below-header-display":"","ast-hfb-mobile-header-display":"","site-post-title":"","ast-breadcrumbs-content":"","ast-featured-img":"","footer-sml-layout":"","theme-transparent-header-meta":"default","adv-header-id-meta":"","stick-header-meta":"","header-above-stick-meta":"","header-main-stick-meta":"","header-below-stick-meta":""},"product_cat":[24],"product_tag":[],"class_list":{"0":"post-747","1":"product","2":"type-product","3":"status-publish","4":"has-post-thumbnail","6":"product_cat-pecas-exclusivas-artesao","7":"desktop-align-left","8":"tablet-align-left","9":"mobile-align-left","11":"first","12":"instock","13":"shipping-taxable","14":"purchasable","15":"product-type-simple"},"_links":{"self":[{"href":"https:\/\/denardidesign.com.br\/site\/index.php?rest_route=\/wp\/v2\/product\/747","targetHints":{"allow":["GET"]}}],"collection":[{"href":"https:\/\/denardidesign.com.br\/site\/index.php?rest_route=\/wp\/v2\/product"}],"about":[{"href":"https:\/\/denardidesign.com.br\/site\/index.php?rest_route=\/wp\/v2\/types\/product"}],"replies":[{"embeddable":true,"href":"https:\/\/denardidesign.com.br\/site\/index.php?rest_route=%2Fwp%2Fv2%2Fcomments&post=747"}],"wp:featuredmedia":[{"embeddable":true,"href":"https:\/\/denardidesign.com.br\/site\/index.php?rest_route=\/wp\/v2\/media\/939"}],"wp:attachment":[{"href":"https:\/\/denardidesign.com.br\/site\/index.php?rest_route=%2Fwp%2Fv2%2Fmedia&parent=747"}],"wp:term":[{"taxonomy":"product_cat","embeddable":true,"href":"https:\/\/denardidesign.com.br\/site\/index.php?rest_route=%2Fwp%2Fv2%2Fproduct_cat&post=747"},{"taxonomy":"product_tag","embeddable":true,"href":"https:\/\/denardidesign.com.br\/site\/index.php?rest_route=%2Fwp%2Fv2%2Fproduct_tag&post=747"}],"curies":[{"name":"wp","href":"https:\/\/api.w.org\/{rel}","templated":true}]}}