{"id":731,"date":"2022-12-26T02:28:29","date_gmt":"2022-12-26T02:28:29","guid":{"rendered":"https:\/\/denardidesign.com.br\/site\/?post_type=product&#038;p=731"},"modified":"2024-06-25T19:18:39","modified_gmt":"2024-06-25T19:18:39","slug":"015-geo-projetos","status":"publish","type":"product","link":"https:\/\/denardidesign.com.br\/site\/?product=015-geo-projetos","title":{"rendered":"Projeto Estrutura Met\u00e1lica para Livros  Arquiteta Daniela Caser"},"content":{"rendered":"<p>Descri\u00e7\u00e3o<\/p>\n<p>Projeto de Estrutura Met\u00e1lica para Livros\u00a0 em Metalon\u00a0 Galvanizado com pintura automotiva com o fundo Wash prime na cor Preta\u00a0 .<br \/>\nValor a ser analisado conforme as medidas de fabrica\u00e7\u00e3o a serem solicitadas pelo cliente.<\/p>\n<p>Projeto da Arquiteta\u00a0 Daniela Caser<\/p>\n<p>Variedade de Design<\/p>\n<p>Solicite seu or\u00e7amento via WhatsApp.<br \/>\nPrazo de Entrega: A combinar<\/p>\n<p>Retirada no Atelier em Bairro de Fatima<\/p>\n<p>&nbsp;<\/p>\n","protected":false},"excerpt":{"rendered":"<p>Resumo<\/p>\n<p>Projeto de Estrutura Met\u00e1lica para Livros\u00a0 em Metalon\u00a0 Galvanizado com pintura automotiva com o fundo Wash prime na cor Preta\u00a0 .<br \/>\nValor a ser analisado conforme as medidas de fabrica\u00e7\u00e3o a serem solicitadas pelo cliente.<\/p>\n<p>Projeto da Arquiteta\u00a0 Daniela Caser<\/p>\n<p>Variedade de Design<\/p>\n<p>Solicite seu or\u00e7amento via WhatsApp.<br \/>\nPrazo de Entrega: A combinar<\/p>\n<p>Retirada no Atelier em Bairro de Fatima<\/p>\n<p>&nbsp;<\/p>\n","protected":false},"featured_media":1327,"comment_status":"open","ping_status":"closed","template":"","meta":{"site-sidebar-layout":"default","site-content-layout":"default","ast-global-header-display":"","ast-main-header-display":"","ast-hfb-above-header-display":"","ast-hfb-below-header-display":"","ast-hfb-mobile-header-display":"","site-post-title":"","ast-breadcrumbs-content":"","ast-featured-img":"","footer-sml-layout":"","theme-transparent-header-meta":"default","adv-header-id-meta":"","stick-header-meta":"","header-above-stick-meta":"","header-main-stick-meta":"","header-below-stick-meta":""},"product_cat":[19],"product_tag":[],"class_list":{"0":"post-731","1":"product","2":"type-product","3":"status-publish","4":"has-post-thumbnail","6":"product_cat-estrutura-geometricas-arquiteto","7":"desktop-align-left","8":"tablet-align-left","9":"mobile-align-left","11":"first","12":"instock","13":"shipping-taxable","14":"product-type-simple"},"_links":{"self":[{"href":"https:\/\/denardidesign.com.br\/site\/index.php?rest_route=\/wp\/v2\/product\/731","targetHints":{"allow":["GET"]}}],"collection":[{"href":"https:\/\/denardidesign.com.br\/site\/index.php?rest_route=\/wp\/v2\/product"}],"about":[{"href":"https:\/\/denardidesign.com.br\/site\/index.php?rest_route=\/wp\/v2\/types\/product"}],"replies":[{"embeddable":true,"href":"https:\/\/denardidesign.com.br\/site\/index.php?rest_route=%2Fwp%2Fv2%2Fcomments&post=731"}],"wp:featuredmedia":[{"embeddable":true,"href":"https:\/\/denardidesign.com.br\/site\/index.php?rest_route=\/wp\/v2\/media\/1327"}],"wp:attachment":[{"href":"https:\/\/denardidesign.com.br\/site\/index.php?rest_route=%2Fwp%2Fv2%2Fmedia&parent=731"}],"wp:term":[{"taxonomy":"product_cat","embeddable":true,"href":"https:\/\/denardidesign.com.br\/site\/index.php?rest_route=%2Fwp%2Fv2%2Fproduct_cat&post=731"},{"taxonomy":"product_tag","embeddable":true,"href":"https:\/\/denardidesign.com.br\/site\/index.php?rest_route=%2Fwp%2Fv2%2Fproduct_tag&post=731"}],"curies":[{"name":"wp","href":"https:\/\/api.w.org\/{rel}","templated":true}]}}