{"id":721,"date":"2022-12-26T02:23:04","date_gmt":"2022-12-26T02:23:04","guid":{"rendered":"https:\/\/denardidesign.com.br\/site\/?post_type=product&#038;p=721"},"modified":"2024-06-25T20:47:29","modified_gmt":"2024-06-25T20:47:29","slug":"008-geo-projetos","status":"publish","type":"product","link":"https:\/\/denardidesign.com.br\/site\/?product=008-geo-projetos","title":{"rendered":"Projeto de Estrutura Met\u00e1lica de Prateleira Dourada"},"content":{"rendered":"<p>Descri\u00e7\u00e3o<\/p>\n<p>Projeto de Estrutura Met\u00e1lica de Prateleira\u00a0 em\u00a0 Metalon\u00a0 15&#215;15\u00a0 \u00a0Galvanizado (\u00a0 sem as madeiras) em pintura automotiva com o fundo Wash prime na cor Dourada .<br \/>\nValor a ser analisado conforme as medidas de fabrica\u00e7\u00e3o a serem solicitadas pelo cliente.<\/p>\n<p>Variedade em estilos em pe\u00e7as de\u00a0 metalon sob encomenda.<\/p>\n<p><strong>Realizamos o seu projeto.<\/strong><\/p>\n<p>Solicite seu or\u00e7amento via WhatsApp.(27) 99728-6622<br \/>\nPrazo de Entrega: A combinar<\/p>\n<p>Ateli\u00ea em Bairro de Fatima Serra ES<\/p>\n","protected":false},"excerpt":{"rendered":"<p>Resumo<\/p>\n<p>Um lindo design para compo0r o seu ambiente.<\/p>\n<p>Projeto de Estrutura Met\u00e1lica de Prateleira\u00a0 em\u00a0 Metalon\u00a0 15&#215;15\u00a0 \u00a0Galvanizado (\u00a0 sem as madeiras) em pintura automotiva com o fundo Wash prime na cor Dourada .<br \/>\nValor a ser analisado conforme as medidas de fabrica\u00e7\u00e3o a serem solicitadas pelo cliente.<\/p>\n<p><strong>Realizamos o seu projeto.<\/strong><\/p>\n<p>Solicite seu or\u00e7amento via WhatsApp.(27) 99728-6622<br \/>\nPrazo de Entrega: A combinar<\/p>\n<p>Ateli\u00ea em Bairro de Fatima Serra ES<\/p>\n","protected":false},"featured_media":1475,"comment_status":"open","ping_status":"closed","template":"","meta":{"site-sidebar-layout":"default","site-content-layout":"default","ast-global-header-display":"","ast-main-header-display":"","ast-hfb-above-header-display":"","ast-hfb-below-header-display":"","ast-hfb-mobile-header-display":"","site-post-title":"","ast-breadcrumbs-content":"","ast-featured-img":"","footer-sml-layout":"","theme-transparent-header-meta":"default","adv-header-id-meta":"","stick-header-meta":"","header-above-stick-meta":"","header-main-stick-meta":"","header-below-stick-meta":""},"product_cat":[19,23],"product_tag":[],"class_list":{"0":"post-721","1":"product","2":"type-product","3":"status-publish","4":"has-post-thumbnail","6":"product_cat-estrutura-geometricas-arquiteto","7":"product_cat-pecas-de-decoracao-arquitetos","8":"desktop-align-left","9":"tablet-align-left","10":"mobile-align-left","12":"first","13":"instock","14":"shipping-taxable","15":"product-type-simple"},"_links":{"self":[{"href":"https:\/\/denardidesign.com.br\/site\/index.php?rest_route=\/wp\/v2\/product\/721","targetHints":{"allow":["GET"]}}],"collection":[{"href":"https:\/\/denardidesign.com.br\/site\/index.php?rest_route=\/wp\/v2\/product"}],"about":[{"href":"https:\/\/denardidesign.com.br\/site\/index.php?rest_route=\/wp\/v2\/types\/product"}],"replies":[{"embeddable":true,"href":"https:\/\/denardidesign.com.br\/site\/index.php?rest_route=%2Fwp%2Fv2%2Fcomments&post=721"}],"wp:featuredmedia":[{"embeddable":true,"href":"https:\/\/denardidesign.com.br\/site\/index.php?rest_route=\/wp\/v2\/media\/1475"}],"wp:attachment":[{"href":"https:\/\/denardidesign.com.br\/site\/index.php?rest_route=%2Fwp%2Fv2%2Fmedia&parent=721"}],"wp:term":[{"taxonomy":"product_cat","embeddable":true,"href":"https:\/\/denardidesign.com.br\/site\/index.php?rest_route=%2Fwp%2Fv2%2Fproduct_cat&post=721"},{"taxonomy":"product_tag","embeddable":true,"href":"https:\/\/denardidesign.com.br\/site\/index.php?rest_route=%2Fwp%2Fv2%2Fproduct_tag&post=721"}],"curies":[{"name":"wp","href":"https:\/\/api.w.org\/{rel}","templated":true}]}}