{"id":718,"date":"2022-12-26T02:20:43","date_gmt":"2022-12-26T02:20:43","guid":{"rendered":"https:\/\/denardidesign.com.br\/site\/?post_type=product&#038;p=718"},"modified":"2024-06-26T14:45:06","modified_gmt":"2024-06-26T14:45:06","slug":"005-geo-projetos","status":"publish","type":"product","link":"https:\/\/denardidesign.com.br\/site\/?product=005-geo-projetos","title":{"rendered":"Ponte Colibri em Ferro Artesanal                                    Paisagista Evandro Gon\u00e7alves"},"content":{"rendered":"<p>Descri\u00e7\u00e3o<\/p>\n<p>Projeto de Paisagismo com pe\u00e7as\u00a0 Artesanais em ferro galvanizado com pintura automotiva com o fundo Wash prime na cor Dourada .<\/p>\n<p>Lindas pe\u00e7as todas desenhadas a m\u00e3o, no Jardim da F\u00e1brica de Biscoito Claids\u00a0 em Santa Teresa,\u00a0 com uma belissima Ponte toda em Ornato e com Colibris , rom\u00e2nticos Gazebos compondo lindas namoradeiras todas feitas em ornato artesal.<\/p>\n<p>&nbsp;<\/p>\n","protected":false},"excerpt":{"rendered":"<p>Resumo<\/p>\n<p>DeNardi Design realizando sonhos com suas pe\u00e7as Artesanais neste belissimo Jardim.<\/p>\n<p>Lindas pe\u00e7as todas desenhadas a m\u00e3o, no Jardim da F\u00e1brica de Biscoito Claids\u00a0 em Santa Teresa,\u00a0 com uma belissima Ponte toda em Ornato e com Colibris , rom\u00e2nticos Gazebos compondo lindas namoradeiras todas feitas em ornato artesal.<\/p>\n<p><strong>Projeto do Paisagista Evandro Gon\u00e7alves<\/strong><\/p>\n<p>Realizamos\u00a0 seus sonhos traga o seu projeto e sinta-se em casa.<\/p>\n<p>Solicite seu or\u00e7amento via WhatsApp.(27) 99728-6622<br \/>\nPrazo de Entrega: A combinar<\/p>\n<p>Atelie em Bairro de Fatima Serra ES<\/p>\n<p>&nbsp;<\/p>\n<p>&nbsp;<\/p>\n","protected":false},"featured_media":1518,"comment_status":"open","ping_status":"closed","template":"","meta":{"site-sidebar-layout":"default","site-content-layout":"default","ast-global-header-display":"","ast-main-header-display":"","ast-hfb-above-header-display":"","ast-hfb-below-header-display":"","ast-hfb-mobile-header-display":"","site-post-title":"","ast-breadcrumbs-content":"","ast-featured-img":"","footer-sml-layout":"","theme-transparent-header-meta":"default","adv-header-id-meta":"","stick-header-meta":"","header-above-stick-meta":"","header-main-stick-meta":"","header-below-stick-meta":""},"product_cat":[19,25],"product_tag":[],"class_list":{"0":"post-718","1":"product","2":"type-product","3":"status-publish","4":"has-post-thumbnail","6":"product_cat-estrutura-geometricas-arquiteto","7":"product_cat-pecas-exclusivas-parceiros","8":"desktop-align-left","9":"tablet-align-left","10":"mobile-align-left","12":"first","13":"instock","14":"shipping-taxable","15":"product-type-simple"},"_links":{"self":[{"href":"https:\/\/denardidesign.com.br\/site\/index.php?rest_route=\/wp\/v2\/product\/718","targetHints":{"allow":["GET"]}}],"collection":[{"href":"https:\/\/denardidesign.com.br\/site\/index.php?rest_route=\/wp\/v2\/product"}],"about":[{"href":"https:\/\/denardidesign.com.br\/site\/index.php?rest_route=\/wp\/v2\/types\/product"}],"replies":[{"embeddable":true,"href":"https:\/\/denardidesign.com.br\/site\/index.php?rest_route=%2Fwp%2Fv2%2Fcomments&post=718"}],"wp:featuredmedia":[{"embeddable":true,"href":"https:\/\/denardidesign.com.br\/site\/index.php?rest_route=\/wp\/v2\/media\/1518"}],"wp:attachment":[{"href":"https:\/\/denardidesign.com.br\/site\/index.php?rest_route=%2Fwp%2Fv2%2Fmedia&parent=718"}],"wp:term":[{"taxonomy":"product_cat","embeddable":true,"href":"https:\/\/denardidesign.com.br\/site\/index.php?rest_route=%2Fwp%2Fv2%2Fproduct_cat&post=718"},{"taxonomy":"product_tag","embeddable":true,"href":"https:\/\/denardidesign.com.br\/site\/index.php?rest_route=%2Fwp%2Fv2%2Fproduct_tag&post=718"}],"curies":[{"name":"wp","href":"https:\/\/api.w.org\/{rel}","templated":true}]}}