{"id":1112,"date":"2023-03-06T21:30:49","date_gmt":"2023-03-06T21:30:49","guid":{"rendered":"https:\/\/denardidesign.com.br\/site\/?post_type=product&#038;p=1112"},"modified":"2024-06-26T13:52:22","modified_gmt":"2024-06-26T13:52:22","slug":"1112","status":"publish","type":"product","link":"https:\/\/denardidesign.com.br\/site\/?product=1112","title":{"rendered":"Design variados de Trip\u00e9 Retr\u00f4                                                &#8211;                         Artista Marcos De Nardi"},"content":{"rendered":"<p>M\u00e3e merece o melhor d\u00ea um presente com um toque especial.<\/p>\n<p>Um lindo trip\u00e9 de mesa R\u00fastica em ferro feito a m\u00e3o .<\/p>\n<p>Uma pe\u00e7a artesanal com design\u00a0 diferenciado para compor o\u00a0 seu ambiente.<\/p>\n<p>Planta n\u00e3o inclusa.<\/p>\n<p>Solicite seu or\u00e7amento via WhatsApp.(27) 99728-6622<\/p>\n","protected":false},"excerpt":{"rendered":"<p>M\u00e3e merece o melhor d\u00ea um presente com um toque especial.<\/p>\n<p>Uma pe\u00e7a artesanal com design\u00a0 diferenciado para compor o\u00a0 seu ambiente.<\/p>\n<p><strong>Projeto\u00a0 Artista Marcos De Nardi<\/strong><\/p>\n<p>V\u00e1rias outras pe\u00e7as em ferro , estilos e modelos sob encomenda .<\/p>\n<p>Solicite seu or\u00e7amento via WhatsApp.(27) 99728-6622<\/p>\n","protected":false},"featured_media":1500,"comment_status":"open","ping_status":"closed","template":"","meta":{"site-sidebar-layout":"default","site-content-layout":"default","ast-global-header-display":"","ast-main-header-display":"","ast-hfb-above-header-display":"","ast-hfb-below-header-display":"","ast-hfb-mobile-header-display":"","site-post-title":"","ast-breadcrumbs-content":"","ast-featured-img":"","footer-sml-layout":"","theme-transparent-header-meta":"default","adv-header-id-meta":"","stick-header-meta":"","header-above-stick-meta":"","header-main-stick-meta":"","header-below-stick-meta":""},"product_cat":[22,24],"product_tag":[],"class_list":{"0":"post-1112","1":"product","2":"type-product","3":"status-publish","4":"has-post-thumbnail","6":"product_cat-pecas-de-decoracao-clientes","7":"product_cat-pecas-exclusivas-artesao","8":"desktop-align-left","9":"tablet-align-left","10":"mobile-align-left","12":"first","13":"instock","14":"shipping-taxable","15":"product-type-simple"},"_links":{"self":[{"href":"https:\/\/denardidesign.com.br\/site\/index.php?rest_route=\/wp\/v2\/product\/1112","targetHints":{"allow":["GET"]}}],"collection":[{"href":"https:\/\/denardidesign.com.br\/site\/index.php?rest_route=\/wp\/v2\/product"}],"about":[{"href":"https:\/\/denardidesign.com.br\/site\/index.php?rest_route=\/wp\/v2\/types\/product"}],"replies":[{"embeddable":true,"href":"https:\/\/denardidesign.com.br\/site\/index.php?rest_route=%2Fwp%2Fv2%2Fcomments&post=1112"}],"wp:featuredmedia":[{"embeddable":true,"href":"https:\/\/denardidesign.com.br\/site\/index.php?rest_route=\/wp\/v2\/media\/1500"}],"wp:attachment":[{"href":"https:\/\/denardidesign.com.br\/site\/index.php?rest_route=%2Fwp%2Fv2%2Fmedia&parent=1112"}],"wp:term":[{"taxonomy":"product_cat","embeddable":true,"href":"https:\/\/denardidesign.com.br\/site\/index.php?rest_route=%2Fwp%2Fv2%2Fproduct_cat&post=1112"},{"taxonomy":"product_tag","embeddable":true,"href":"https:\/\/denardidesign.com.br\/site\/index.php?rest_route=%2Fwp%2Fv2%2Fproduct_tag&post=1112"}],"curies":[{"name":"wp","href":"https:\/\/api.w.org\/{rel}","templated":true}]}}