{"id":1102,"date":"2023-03-06T20:55:53","date_gmt":"2023-03-06T20:55:53","guid":{"rendered":"https:\/\/denardidesign.com.br\/site\/?post_type=product&#038;p=1102"},"modified":"2024-06-25T23:20:39","modified_gmt":"2024-06-25T23:20:39","slug":"pe-de-mesa-antigo-feito-a-mao","status":"publish","type":"product","link":"https:\/\/denardidesign.com.br\/site\/?product=pe-de-mesa-antigo-feito-a-mao","title":{"rendered":"P\u00e9 de Mesa antigo feito \u00e0 m\u00e3o"},"content":{"rendered":"<p>Uma linda pe\u00e7a\u00a0 em ferro feito a m\u00e3o com um toque especial.<\/p>\n<p>Uma pe\u00e7a artesanal com design\u00a0 diferenciado para compor o\u00a0 seu ambiente.<\/p>\n<p>Pagamento em dinheiro ,PIx ou 1 vez no cart\u00e3o de cr\u00e9dito<\/p>\n<p>&nbsp;<\/p>\n<p><strong style=\"font-size: 16px;\">SOB ENCOMENDA<\/strong><\/p>\n<p>V\u00e1rios outras pe\u00e7as em ferro , estilos e modelos sob encomenda .<\/p>\n<p>Retirada no Ateli\u00ear em Bairro de Fatima<\/p>\n","protected":false},"excerpt":{"rendered":"<p>&nbsp;<\/p>\n<p>Uma linda pe\u00e7a\u00a0 em ferro feito a m\u00e3o com um toque especial.<\/p>\n<p>Uma pe\u00e7a artesanal com design\u00a0 diferenciado para compor o\u00a0 seu ambiente.<\/p>\n<p>Pagamento em dinheiro ,PIx ou 1 vez no cart\u00e3o de cr\u00e9dito<\/p>\n<p>&nbsp;<\/p>\n<p>V\u00e1rias outras pe\u00e7as em ferro , estilos e modelos sob encomenda .<\/p>\n<p>Retirada no Ateli\u00ear em Bairro de Fatima<\/p>\n","protected":false},"featured_media":1389,"comment_status":"open","ping_status":"closed","template":"","meta":{"site-sidebar-layout":"default","site-content-layout":"default","ast-global-header-display":"","ast-main-header-display":"","ast-hfb-above-header-display":"","ast-hfb-below-header-display":"","ast-hfb-mobile-header-display":"","site-post-title":"","ast-breadcrumbs-content":"","ast-featured-img":"","footer-sml-layout":"","theme-transparent-header-meta":"default","adv-header-id-meta":"","stick-header-meta":"","header-above-stick-meta":"","header-main-stick-meta":"","header-below-stick-meta":""},"product_cat":[24],"product_tag":[],"class_list":{"0":"post-1102","1":"product","2":"type-product","3":"status-publish","4":"has-post-thumbnail","6":"product_cat-pecas-exclusivas-artesao","7":"desktop-align-left","8":"tablet-align-left","9":"mobile-align-left","11":"first","12":"instock","13":"shipping-taxable","14":"purchasable","15":"product-type-simple"},"_links":{"self":[{"href":"https:\/\/denardidesign.com.br\/site\/index.php?rest_route=\/wp\/v2\/product\/1102","targetHints":{"allow":["GET"]}}],"collection":[{"href":"https:\/\/denardidesign.com.br\/site\/index.php?rest_route=\/wp\/v2\/product"}],"about":[{"href":"https:\/\/denardidesign.com.br\/site\/index.php?rest_route=\/wp\/v2\/types\/product"}],"replies":[{"embeddable":true,"href":"https:\/\/denardidesign.com.br\/site\/index.php?rest_route=%2Fwp%2Fv2%2Fcomments&post=1102"}],"wp:featuredmedia":[{"embeddable":true,"href":"https:\/\/denardidesign.com.br\/site\/index.php?rest_route=\/wp\/v2\/media\/1389"}],"wp:attachment":[{"href":"https:\/\/denardidesign.com.br\/site\/index.php?rest_route=%2Fwp%2Fv2%2Fmedia&parent=1102"}],"wp:term":[{"taxonomy":"product_cat","embeddable":true,"href":"https:\/\/denardidesign.com.br\/site\/index.php?rest_route=%2Fwp%2Fv2%2Fproduct_cat&post=1102"},{"taxonomy":"product_tag","embeddable":true,"href":"https:\/\/denardidesign.com.br\/site\/index.php?rest_route=%2Fwp%2Fv2%2Fproduct_tag&post=1102"}],"curies":[{"name":"wp","href":"https:\/\/api.w.org\/{rel}","templated":true}]}}